{"id":52,"date":"2015-01-21T13:51:02","date_gmt":"2015-01-21T13:51:02","guid":{"rendered":"http:\/\/fotogrammetrik.com\/?page_id=52"},"modified":"2018-07-23T07:03:16","modified_gmt":"2018-07-23T07:03:16","slug":"uslugi","status":"publish","type":"page","link":"https:\/\/fotogrammetrik.com\/pl\/uslugi\/","title":{"rendered":"Us\u0142ugi"},"content":{"rendered":"<h2>Do\u015bwiadczenie<\/h2>\r\n<p>Fotogrammetrik\u00a0ma personel,\u00a0niezb\u0119dne\u00a0oprogramowanie i lata praktyki,\u00a0by\u00a0zaoferowa\u0107 szeroki wachlarz us\u0142ug obr\u00f3bki danych GIS, oraz zako\u0144czy\u0107 projekt szybko z najwy\u017csz\u0105 jako\u015bci\u0105.<br \/>\r\nS\u0142owo &#8222;niemo\u017cliwe&#8221; jest dla nas niezrozumia\u0142e, a ka\u017cdy projekt traktujemy indywidualnie. Bezp\u0142atnie tworzymy projekty testowe, a na \u017cyczenie wysy\u0142amy przyk\u0142ady prac. Mamy najbardziej konkurencyjne ceny na rynku.<br \/>\r\nDo\u015bwiadczenie pomaga nam dopasowa\u0107 styl pracy do Twoich potrzeb. Nie wa\u017cne czy jest to ma\u0142y obszar czy tysi\u0105ce kilometr\u00f3w kwadratowych. Jeden z rodzaj\u00f3w\u00a0naszej dzia\u0142alno\u015bci, czy mo\u017ce wszystkie na raz.W ka\u017cdym wypadku to dla nas wyzwanie i jeste\u015bmy do Twojej dyspozycji.<\/p>\r\n<h2>Nasze us\u0142ugi<\/h2>\r\n<div class=\"shortcode-toggle toggle-numeryczny-model-terenu closed default border\"><h4 class=\"toggle-trigger\"><img decoding=\"async\" src=\"https:\/\/fotogrammetrik.com\/wp-content\/uploads\/2015\/03\/dtm.gif\"><a href=\"#\">Numeryczny Model Terenu<\/a><\/h4>\n<div class=\"toggle-content\"><br \/>\r\n<img decoding=\"async\" src=\"https:\/\/fotogrammetrik.com\/wp-content\/uploads\/2015\/04\/dem-copy.png\" id=\"toggle-numeryczny-model-terenu\" alt=\"Model\" style=\"max-width: 100%;\"\/>\r\n<ul style=\"list-style-type: disc; margin-left: 10px; padding-left: 20px;\">\r\n<li>Numeryczny Model Terenu (DTM)<\/li>\r\n<li>Numeryczny Model Pokrycia Terenu (DSM)<\/li>\r\n<li>Numeryczny Model Wysoko\u015bciowy (DHM)<\/li>\r\n<li>DTM z map topograficznych<\/li>\r\n<li>mapy warstwicowe<\/li>\r\n<li>wizualizacje<\/li>\r\n<\/ul>\r\n<\/div><!--\/.toggle-content-->\n<input type=\"hidden\" name=\"title_open\" value=\"Numeryczny Model Terenu\" \/><input type=\"hidden\" name=\"title_closed\" value=\"Numeryczny Model Terenu\" \/><\/div><!--\/.shortcode-toggle-->\r\n<div class=\"shortcode-toggle toggle-mapy-wektorowe closed default border\"><h4 class=\"toggle-trigger\"><img decoding=\"async\" src=\"https:\/\/fotogrammetrik.com\/wp-content\/uploads\/2015\/03\/mapy.gif\"><a href=\"#\">Mapy wektorowe<\/a><\/h4>\n<div class=\"toggle-content\"><br \/>\r\n<img decoding=\"async\" src=\"https:\/\/fotogrammetrik.com\/wp-content\/uploads\/2015\/11\/vectormap.jpg\" alt=\"Mapa wektorowa\" style=\"max-width: 100%;\"\/>\r\n<p id='toggle-mapy-wektorowe'>Mapa wektorowa jest baz\u0105 danych, w kt\u00f3rej zapisano informacje o obiektach znajduj\u0105cych si\u0119 na mapie.<\/br><br \/>\r\nWykonujemy:<\/p>\r\n<ul style=\"list-style-type: disc; margin-left: 10px; padding-left: 20px;\">\r\n<li>mapy numeryczne z obserwacji stereoskopowych<\/li>\r\n<li>wektoryzacja ortofotomap<\/li>\r\n<li>wektoryzacja materia\u0142\u00f3w klasycznych<\/li>\r\n<li>aktualizacja istniej\u0105cych map<\/li>\r\n<\/ul>\r\n<p>\u00a0<\/p>\r\n<p>Zalety:<\/p>\r\n<ul style=\"list-style-type: disc; margin-left: 10px; padding-left: 20px;\">\r\n<li>mo\u017cliwo\u015b\u0107 \u0142atwego dostosowywania wygl\u0105du do potrzeb (kolory, jasno\u015b\u0107, symbole obiekt\u00f3w itp.)<\/li>\r\n<li>\u0142atwe skalowanie, obracanie, przesuwanie<\/li>\r\n<li>ma\u0142a wielko\u015b\u0107 pliku<\/li>\r\n<li>\u0142atwe do aktualizacji<\/li>\r\n<li>mo\u017cliwo\u015b\u0107 wyswietlania w postaci warstw, definiowania jakie obiekty wy\u015bwietla\u0107<\/li>\r\n<li>oprogramowanie mo\u017ce na podstawie danych z mapy realizowac alarmy lub ostrze\u017cenia<\/li>\r\n<\/ul>\r\n<\/div><!--\/.toggle-content-->\n<input type=\"hidden\" name=\"title_open\" value=\"Mapy wektorowe\" \/><input type=\"hidden\" name=\"title_closed\" value=\"Mapy wektorowe\" \/><\/div><!--\/.shortcode-toggle-->\r\n<div class=\"shortcode-toggle toggle-modele-3d-miast closed default border\"><h4 class=\"toggle-trigger\"><img decoding=\"async\" src=\"https:\/\/fotogrammetrik.com\/wp-content\/uploads\/2015\/03\/3dmodel.gif\"><a href=\"#\">Modele 3D Miast<\/a><\/h4>\n<div class=\"toggle-content\"><br \/>\r\n<img decoding=\"async\" src=\"https:\/\/fotogrammetrik.com\/wp-content\/uploads\/2015\/11\/3d.jpg\" alt=\"Model\" style=\"max-width: 100%;\"\/>\r\n<p id=\"toggle-modele-3d-miast\">Modele opracowane metod\u0105 fotogrametryczn\u0105 z zastosowaniem analizy stereoskopowej\u00a0ze\u00a0zdj\u0119\u0107 lotniczych, satelitarnych oraz danych LIDAR na r\u00f3\u017cnych poziomach dok\u0142adno\u015bci (LoD).<\/p>\r\n<ul style=\"list-style-type: disc; margin-left: 10px; padding-left: 20px;\">\r\n<li>powierzchnia terenu (DTM)<\/li>\r\n<li>podklad ortofotomapy<\/li>\r\n<li>budynki i budowle<\/li>\r\n<li>drogi i wody<\/li>\r\n<li>zwarte kompleksy zieleni<\/li>\r\n<li>pojedyncze drzewa<\/li>\r\n<li>teksturowanie budynk\u00f3w<\/li>\r\n<li>inne elementy na \u017cyczenie klienta<\/li>\r\n<\/ul>\r\n<p>\u00a0<\/p>\r\n<p>Dane 3D mog\u0105 zosta\u0107 u\u017cyte, by stworzy\u0107 realistyczne modele do nast\u0119puj\u0105cych cel\u00f3w:<\/p>\r\n<ul style=\"list-style-type: disc; margin-left: 10px; padding-left: 20px;\">\r\n<li>zarz\u0105dzanie \u015brodowiskowe<\/li>\r\n<li>planowanie przestrzenne<\/li>\r\n<li>aplikacje internetowe<\/li>\r\n<li>zarz\u0105dzanie logistyk\u0105<\/li>\r\n<li>planowanie sieci<\/li>\r\n<li>radioplanowanie<\/li>\r\n<li>marketing nieruchomo\u015bci<\/li>\r\n<li>systemy nawigacyjne<\/li>\r\n<li>zarz\u0105dzanie skutkami katastrof (monitoring, reagowanie, ocena po zdarzeniu)<\/li>\r\n<\/ul>\r\n<\/div><!--\/.toggle-content-->\n<input type=\"hidden\" name=\"title_open\" value=\"Modele 3D Miast\" \/><input type=\"hidden\" name=\"title_closed\" value=\"Modele 3D Miast\" \/><\/div><!--\/.shortcode-toggle-->\r\n<div class=\"shortcode-toggle toggle-modele-2d-miast closed default border\"><h4 class=\"toggle-trigger\"><img decoding=\"async\" src=\"https:\/\/fotogrammetrik.com\/wp-content\/uploads\/2015\/04\/2d.png\"><a href=\"#\">Modele 2D Miast<\/a><\/h4>\n<div class=\"toggle-content\"><br \/>\r\n<img decoding=\"async\" id='toggle-modele-2d-miast' src=\"https:\/\/fotogrammetrik.com\/wp-content\/uploads\/2015\/11\/2d.png\" alt=\"Model\" style=\"max-width: 100%;\"\/>\r\n<p>Modele miast wykonane na podstawie opracowania ortofotomap.<\/p>\r\n<ul style=\"list-style-type: disc; margin-left: 10px; padding-left: 20px;\">\r\n<li>budynki i budowle (mo\u017cliwa opcja z wysoko\u015bciami mierzonymi w naszej technologi)<\/li>\r\n<li>sie\u0107 drogowa<\/li>\r\n<li>podzia\u0142 administracyjny<\/li>\r\n<li>sie\u0107 hydrograficzna<\/li>\r\n<li>punkty adresowe<\/li>\r\n<li>pokrycie terenu<\/li>\r\n<li>podklad ortofotomapy<\/li>\r\n<\/ul>\r\n<\/div><!--\/.toggle-content-->\n<input type=\"hidden\" name=\"title_open\" value=\"Modele 2D Miast\" \/><input type=\"hidden\" name=\"title_closed\" value=\"Modele 2D Miast\" \/><\/div><!--\/.shortcode-toggle-->\r\n<div class=\"shortcode-toggle toggle-ortofotomapa closed default border\"><h4 class=\"toggle-trigger\"><img decoding=\"async\" src=\"https:\/\/fotogrammetrik.com\/wp-content\/uploads\/2015\/04\/ortofoto.gif\"><a href=\"#\">Ortofotomapa<\/a><\/h4>\n<div class=\"toggle-content\"><br \/>\r\n<img decoding=\"async\" src=\"https:\/\/fotogrammetrik.com\/wp-content\/uploads\/2015\/11\/ortofoto.jpg\" alt=\"Ortofotomapa\" style=\"max-width: 100%;\"\/>\r\n<p id='toggle-ortofotomapa'>Jest to zdj\u0119cie lotnicze przetworzone do postaci mapy, co pozwala szybko i bezb\u0142\u0119dnie pomierzy\u0107 elementy znajduj\u0105ce si\u0119 w terenie. Ortofotomapa jest u\u017cytecznym i intuicyjnym narz\u0119dziem wykorzystywanym w planowaniu przestrzennym, in\u017cynierii \u015brodowiska, systemach GIS, etc.<\/p>\r\n<ul style=\"list-style-type: disc; margin-left: 10px; padding-left: 20px;\">\r\n<li>Generowanie ortoobraz\u00f3w<\/li>\r\n<li>Mozaikowanie<\/li>\r\n<li>Wyr\u00f3wnanie tonalne<\/li>\r\n<\/ul>\r\n<\/div><!--\/.toggle-content-->\n<input type=\"hidden\" name=\"title_open\" value=\"Ortofotomapa\" \/><input type=\"hidden\" name=\"title_closed\" value=\"Ortofotomapa\" \/><\/div><!--\/.shortcode-toggle-->\r\n<div class=\"shortcode-toggle toggle-lidar closed default border\"><h4 class=\"toggle-trigger\"><img decoding=\"async\" src=\"https:\/\/fotogrammetrik.com\/wp-content\/uploads\/2015\/04\/lidar.gif\"><a href=\"#\">LiDAR<\/a><\/h4>\n<div class=\"toggle-content\"><br \/>\r\n<img decoding=\"async\" src=\"https:\/\/fotogrammetrik.com\/wp-content\/uploads\/2016\/06\/lidar2a.jpg\" alt=\"LiDAR\" style=\"max-width: 100%;\"\/>\r\n<p id='toggle-lidar'>Lotniczy skaning laserowy (ALS) \u2013 metoda pomiarowa oparta na skaningu laserowym pozwalaj\u0105ca na zapis powierzchni terenu w postaci chmury punkt\u00f3w stanowi\u0105cej reprezentacj\u0119 terenu.<\/p>\r\n<ul style=\"list-style-type: disc; margin-left: 10px; padding-left: 20px;\">\r\n<li>matching i klasyfikacja chmur punkt\u00f3w ALS<\/li>\r\n<li>generowanie produkt\u00f3w z danych LiDAR: NMT, NMPT<\/li>\r\n<li>tworzenie ortofotomapy<\/li>\r\n<li>modelowanie miast 3D<\/li>\r\n<\/ul>\r\n<\/div><!--\/.toggle-content-->\n<input type=\"hidden\" name=\"title_open\" value=\"LiDAR\" \/><input type=\"hidden\" name=\"title_closed\" value=\"LiDAR\" \/><\/div><!--\/.shortcode-toggle-->\r\n<div class=\"shortcode-toggle toggle-aerotriangulacja closed default border\"><h4 class=\"toggle-trigger\"><img decoding=\"async\" src=\"https:\/\/fotogrammetrik.com\/wp-content\/uploads\/2015\/04\/aerot.gif\"><a href=\"#\">Aerotriangulacja<\/a><\/h4>\n<div class=\"toggle-content\"><br \/>\r\n<img decoding=\"async\" src=\"https:\/\/fotogrammetrik.com\/wp-content\/uploads\/2015\/11\/aerotriang.jpg\" alt=\"Model\" style=\"max-width: 100%;\"\/>\r\n<p id=\"toggle-aerotriangulacja\">Cyfrowa Aerotriangulacja to bardzo wa\u017cny krok w procesie fotogrametrycznym. Aerotriangulacja to proces dok\u0142adnego skojarzenia zdj\u0119\u0107 lotniczych lub satelitarnych osnow\u0105 geodezyjn\u0105 projektu.<\/p>\r\n<\/div><!--\/.toggle-content-->\n<input type=\"hidden\" name=\"title_open\" value=\"Aerotriangulacja\" \/><input type=\"hidden\" name=\"title_closed\" value=\"Aerotriangulacja\" \/><\/div><!--\/.shortcode-toggle-->","protected":false},"excerpt":{"rendered":"Do\u015bwiadczenie Fotogrammetrik\u00a0ma personel,\u00a0niezb\u0119dne\u00a0oprogramowanie i lata praktyki,\u00a0by\u00a0zaoferowa\u0107 szeroki wachlarz us\u0142ug obr\u00f3bki danych GIS, oraz zako\u0144czy\u0107 projekt szybko z najwy\u017csz\u0105 jako\u015bci\u0105. S\u0142owo &#8222;niemo\u017cliwe&#8221; jest dla nas niezrozumia\u0142e, a ka\u017cdy projekt traktujemy indywidualnie. Bezp\u0142atnie tworzymy projekty testowe, a na \u017cyczenie wysy\u0142amy przyk\u0142ady prac. Mamy najbardziej konkurencyjne ceny na rynku. Do\u015bwiadczenie pomaga nam dopasowa\u0107 styl pracy do Twoich potrzeb. [&#038;hellip","protected":false},"author":1,"featured_media":0,"parent":0,"menu_order":0,"comment_status":"open","ping_status":"open","template":"template-fullwidth.php","meta":{"footnotes":""},"class_list":["post-52","page","type-page","status-publish","hentry"],"_links":{"self":[{"href":"https:\/\/fotogrammetrik.com\/pl\/wp-json\/wp\/v2\/pages\/52","targetHints":{"allow":["GET"]}}],"collection":[{"href":"https:\/\/fotogrammetrik.com\/pl\/wp-json\/wp\/v2\/pages"}],"about":[{"href":"https:\/\/fotogrammetrik.com\/pl\/wp-json\/wp\/v2\/types\/page"}],"author":[{"embeddable":true,"href":"https:\/\/fotogrammetrik.com\/pl\/wp-json\/wp\/v2\/users\/1"}],"replies":[{"embeddable":true,"href":"https:\/\/fotogrammetrik.com\/pl\/wp-json\/wp\/v2\/comments?post=52"}],"version-history":[{"count":108,"href":"https:\/\/fotogrammetrik.com\/pl\/wp-json\/wp\/v2\/pages\/52\/revisions"}],"predecessor-version":[{"id":248,"href":"https:\/\/fotogrammetrik.com\/pl\/wp-json\/wp\/v2\/pages\/52\/revisions\/248"}],"wp:attachment":[{"href":"https:\/\/fotogrammetrik.com\/pl\/wp-json\/wp\/v2\/media?parent=52"}],"curies":[{"name":"wp","href":"https:\/\/api.w.org\/{rel}","templated":true}]}}